{"id":735,"date":"2023-05-11T19:27:58","date_gmt":"2023-05-11T19:27:58","guid":{"rendered":"https:\/\/happylab.com.br\/?page_id=735"},"modified":"2023-05-11T19:28:03","modified_gmt":"2023-05-11T19:28:03","slug":"teste","status":"publish","type":"page","link":"https:\/\/happylab.com.br\/index.php\/teste\/","title":{"rendered":"teste"},"content":{"rendered":"\t\t<div data-elementor-type=\"wp-page\" data-elementor-id=\"735\" class=\"elementor elementor-735\">\n\t\t\t\t\t\t<section class=\"elementor-section elementor-top-section elementor-element elementor-element-3a0d605e elementor-section-boxed elementor-section-height-default elementor-section-height-default\" data-id=\"3a0d605e\" data-element_type=\"section\" data-e-type=\"section\">\n\t\t\t\t\t\t<div class=\"elementor-container elementor-column-gap-default\">\n\t\t\t\t\t<div class=\"elementor-column elementor-col-100 elementor-top-column elementor-element elementor-element-3cc77bfd\" data-id=\"3cc77bfd\" data-element_type=\"column\" data-e-type=\"column\">\n\t\t\t<div class=\"elementor-widget-wrap elementor-element-populated\">\n\t\t\t\t\t\t<div class=\"elementor-element elementor-element-51f8501f elementor-widget elementor-widget-heading\" data-id=\"51f8501f\" data-element_type=\"widget\" data-e-type=\"widget\" data-widget_type=\"heading.default\">\n\t\t\t\t<div class=\"elementor-widget-container\">\n\t\t\t\t\t<h2 class=\"elementor-heading-title elementor-size-default\">Ainda n\u00e3o <b>conhecia a gente?<\/b><\/h2>\t\t\t\t<\/div>\n\t\t\t\t<\/div>\n\t\t\t\t<div class=\"elementor-element elementor-element-363d1c4e elementor-widget elementor-widget-heading\" data-id=\"363d1c4e\" data-element_type=\"widget\" data-e-type=\"widget\" data-widget_type=\"heading.default\">\n\t\t\t\t<div class=\"elementor-widget-container\">\n\t\t\t\t\t<h2 class=\"elementor-heading-title elementor-size-default\">CONHE\u00c7A COMO NASCEU NOSSA EMPRESA!<\/h2>\t\t\t\t<\/div>\n\t\t\t\t<\/div>\n\t\t\t\t<section class=\"elementor-section elementor-inner-section elementor-element elementor-element-53b494e1 elementor-section-boxed elementor-section-height-default elementor-section-height-default\" data-id=\"53b494e1\" data-element_type=\"section\" data-e-type=\"section\">\n\t\t\t\t\t\t<div class=\"elementor-container elementor-column-gap-default\">\n\t\t\t\t\t<div class=\"elementor-column elementor-col-50 elementor-inner-column elementor-element elementor-element-231eafe4\" data-id=\"231eafe4\" data-element_type=\"column\" data-e-type=\"column\">\n\t\t\t<div class=\"elementor-widget-wrap elementor-element-populated\">\n\t\t\t\t\t\t<div class=\"elementor-element elementor-element-40d12a79 elementor-widget elementor-widget-text-editor\" data-id=\"40d12a79\" data-element_type=\"widget\" data-e-type=\"widget\" data-widget_type=\"text-editor.default\">\n\t\t\t\t<div class=\"elementor-widget-container\">\n\t\t\t\t\t\t\t\t\t<p>A ideia da Happy.Lab surgiu da minha pr\u00f3pria experi\u00eancia de vida.<\/p>\n<p>Sou apaixonada por pessoas, culturas, inova\u00e7\u00e3o e adoro me reinventar para viver meu m\u00e1ximo potencial pessoal e profissional.<\/p>\n<p>Viajei para mais de 20 pa\u00edses e atuei por 15 anos como Executiva de Marketing &amp; Inova\u00e7\u00e3o passando pela lideran\u00e7a de grandes marcas da ind\u00fastria cosm\u00e9tica global e nacional como Avon, Jequiti e Mary Kay.<\/p>\n<p>Ap\u00f3s ser diagnosticada com burnout, percebi que estava sobrevindo no piloto autom\u00e1tico, sem prop\u00f3sito, perdendo meu brilho e minha sa\u00fade.<\/p>\n<p>Decidi, ent\u00e3o, desativar o modo autom\u00e1tico e ativar o modo felicidade na minha vida e na minha carreira, e nesse processo de reinven\u00e7\u00e3o, fundei a Happy.Lab.<\/p>\n<p>Hoje, atuo como Consultora de Carreira, Marcas Pessoais e Recrutamento Executivo e lidero um hub de mais de 10 profissionais de capital humano para te ajudar a ATIVAR O MODO FELICIDADE na sua vida, na sua carreira e na sua empresa.<\/p>\t\t\t\t\t\t\t\t<\/div>\n\t\t\t\t<\/div>\n\t\t\t\t\t<\/div>\n\t\t<\/div>\n\t\t\t\t<div class=\"elementor-column elementor-col-50 elementor-inner-column elementor-element elementor-element-1d90b3e2\" data-id=\"1d90b3e2\" data-element_type=\"column\" data-e-type=\"column\">\n\t\t\t<div class=\"elementor-widget-wrap elementor-element-populated\">\n\t\t\t\t\t\t<div class=\"elementor-element elementor-element-491acc4 elementor-widget elementor-widget-image\" data-id=\"491acc4\" data-element_type=\"widget\" data-e-type=\"widget\" data-widget_type=\"image.default\">\n\t\t\t\t<div class=\"elementor-widget-container\">\n\t\t\t\t\t\t\t\t\t\t\t\t\t\t\t<img fetchpriority=\"high\" decoding=\"async\" width=\"500\" height=\"744\" src=\"https:\/\/happylab.com.br\/wp-content\/uploads\/2023\/03\/paula2-1.png\" class=\"attachment-large size-large wp-image-62\" alt=\"\" srcset=\"https:\/\/happylab.com.br\/wp-content\/uploads\/2023\/03\/paula2-1.png 500w, https:\/\/happylab.com.br\/wp-content\/uploads\/2023\/03\/paula2-1-202x300.png 202w\" sizes=\"(max-width: 500px) 100vw, 500px\" \/>\t\t\t\t\t\t\t\t\t\t\t\t\t\t\t<\/div>\n\t\t\t\t<\/div>\n\t\t\t\t<div class=\"elementor-element elementor-element-1d41ecf7 elementor-align-end elementor-icon-list--layout-traditional elementor-list-item-link-full_width elementor-widget elementor-widget-icon-list\" data-id=\"1d41ecf7\" data-element_type=\"widget\" data-e-type=\"widget\" data-widget_type=\"icon-list.default\">\n\t\t\t\t<div class=\"elementor-widget-container\">\n\t\t\t\t\t\t\t<ul class=\"elementor-icon-list-items\">\n\t\t\t\t\t\t\t<li class=\"elementor-icon-list-item\">\n\t\t\t\t\t\t\t\t\t\t\t<span class=\"elementor-icon-list-icon\">\n\t\t\t\t\t\t\t<i aria-hidden=\"true\" class=\"fab fa-linkedin\"><\/i>\t\t\t\t\t\t<\/span>\n\t\t\t\t\t\t\t\t\t\t<span class=\"elementor-icon-list-text\">PAULA G\u00d3ES, FOUNDER <br \/> E CEO DA HAPPY.LAB<\/span>\n\t\t\t\t\t\t\t\t\t<\/li>\n\t\t\t\t\t\t<\/ul>\n\t\t\t\t\t\t<\/div>\n\t\t\t\t<\/div>\n\t\t\t\t\t<\/div>\n\t\t<\/div>\n\t\t\t\t\t<\/div>\n\t\t<\/section>\n\t\t\t\t\t<\/div>\n\t\t<\/div>\n\t\t\t\t\t<\/div>\n\t\t<\/section>\n\t\t\t\t<\/div>\n\t\t","protected":false},"excerpt":{"rendered":"<p>Ainda n\u00e3o conhecia a gente? CONHE\u00c7A COMO NASCEU NOSSA EMPRESA! A ideia da Happy.Lab surgiu da minha pr\u00f3pria experi\u00eancia de vida. Sou apaixonada por pessoas, culturas, inova\u00e7\u00e3o e adoro me reinventar para viver meu m\u00e1ximo potencial pessoal e profissional. Viajei para mais de 20 pa\u00edses e atuei por 15 anos como Executiva de Marketing &amp; [&hellip;]<\/p>\n","protected":false},"author":1,"featured_media":0,"parent":0,"menu_order":0,"comment_status":"closed","ping_status":"closed","template":"elementor_canvas","meta":{"footnotes":""},"class_list":["post-735","page","type-page","status-publish","hentry"],"_links":{"self":[{"href":"https:\/\/happylab.com.br\/index.php\/wp-json\/wp\/v2\/pages\/735","targetHints":{"allow":["GET"]}}],"collection":[{"href":"https:\/\/happylab.com.br\/index.php\/wp-json\/wp\/v2\/pages"}],"about":[{"href":"https:\/\/happylab.com.br\/index.php\/wp-json\/wp\/v2\/types\/page"}],"author":[{"embeddable":true,"href":"https:\/\/happylab.com.br\/index.php\/wp-json\/wp\/v2\/users\/1"}],"replies":[{"embeddable":true,"href":"https:\/\/happylab.com.br\/index.php\/wp-json\/wp\/v2\/comments?post=735"}],"version-history":[{"count":4,"href":"https:\/\/happylab.com.br\/index.php\/wp-json\/wp\/v2\/pages\/735\/revisions"}],"predecessor-version":[{"id":739,"href":"https:\/\/happylab.com.br\/index.php\/wp-json\/wp\/v2\/pages\/735\/revisions\/739"}],"wp:attachment":[{"href":"https:\/\/happylab.com.br\/index.php\/wp-json\/wp\/v2\/media?parent=735"}],"curies":[{"name":"wp","href":"https:\/\/api.w.org\/{rel}","templated":true}]}}